{"id":8809,"date":"2022-07-13T17:26:03","date_gmt":"2022-07-13T16:26:03","guid":{"rendered":"https:\/\/fr.17egsc.weconnect.eu.com\/?page_id=8809"},"modified":"2022-07-13T17:35:48","modified_gmt":"2022-07-13T16:35:48","slug":"coronavirus","status":"publish","type":"page","link":"https:\/\/fr.17egsc.weconnect.eu.com\/index.php\/coronavirus\/","title":{"rendered":"Conseils coronavirus"},"content":{"rendered":"\t\t<div data-elementor-type=\"wp-page\" data-elementor-id=\"8809\" class=\"elementor elementor-8809\">\n\t\t\t\t\t\t\t\t\t<section class=\"elementor-section elementor-top-section elementor-element elementor-element-74dcc2a elementor-section-boxed elementor-section-height-default elementor-section-height-default\" data-id=\"74dcc2a\" data-element_type=\"section\">\n\t\t\t\t\t\t<div class=\"elementor-container elementor-column-gap-default\">\n\t\t\t\t\t<div class=\"elementor-column elementor-col-100 elementor-top-column elementor-element elementor-element-02883ee\" data-id=\"02883ee\" data-element_type=\"column\">\n\t\t\t<div class=\"elementor-widget-wrap elementor-element-populated\">\n\t\t\t\t\t\t\t\t<div class=\"elementor-element elementor-element-3284dc8 elementor-widget elementor-widget-spacer\" data-id=\"3284dc8\" data-element_type=\"widget\" data-widget_type=\"spacer.default\">\n\t\t\t\t<div class=\"elementor-widget-container\">\n\t\t\t<style>\/*! elementor - v3.6.7 - 03-07-2022 *\/\n.e-container.e-container--row .elementor-spacer-inner{width:var(--spacer-size)}.e-container.e-container--column .elementor-spacer-inner,.elementor-column .elementor-spacer-inner{height:var(--spacer-size)}<\/style>\t\t<div class=\"elementor-spacer\">\n\t\t\t<div class=\"elementor-spacer-inner\"><\/div>\n\t\t<\/div>\n\t\t\t\t<\/div>\n\t\t\t\t<\/div>\n\t\t\t\t\t<\/div>\n\t\t<\/div>\n\t\t\t\t\t\t\t<\/div>\n\t\t<\/section>\n\t\t\t\t<section class=\"elementor-section elementor-top-section elementor-element elementor-element-6705eb4 elementor-section-boxed elementor-section-height-default elementor-section-height-default\" data-id=\"6705eb4\" data-element_type=\"section\">\n\t\t\t\t\t\t<div class=\"elementor-container elementor-column-gap-default\">\n\t\t\t\t\t<div class=\"elementor-column elementor-col-100 elementor-top-column elementor-element elementor-element-1d9ed3a\" data-id=\"1d9ed3a\" data-element_type=\"column\">\n\t\t\t<div class=\"elementor-widget-wrap elementor-element-populated\">\n\t\t\t\t\t\t\t\t<div class=\"elementor-element elementor-element-70cd861 elementor-widget elementor-widget-heading\" data-id=\"70cd861\" data-element_type=\"widget\" data-widget_type=\"heading.default\">\n\t\t\t\t<div class=\"elementor-widget-container\">\n\t\t\t<style>\/*! elementor - v3.6.7 - 03-07-2022 *\/\n.elementor-heading-title{padding:0;margin:0;line-height:1}.elementor-widget-heading .elementor-heading-title[class*=elementor-size-]>a{color:inherit;font-size:inherit;line-height:inherit}.elementor-widget-heading .elementor-heading-title.elementor-size-small{font-size:15px}.elementor-widget-heading .elementor-heading-title.elementor-size-medium{font-size:19px}.elementor-widget-heading .elementor-heading-title.elementor-size-large{font-size:29px}.elementor-widget-heading .elementor-heading-title.elementor-size-xl{font-size:39px}.elementor-widget-heading .elementor-heading-title.elementor-size-xxl{font-size:59px}<\/style><h2 class=\"elementor-heading-title elementor-size-default\">Conseils li\u00e9s au coronavirus<\/h2>\t\t<\/div>\n\t\t\t\t<\/div>\n\t\t\t\t\t<\/div>\n\t\t<\/div>\n\t\t\t\t\t\t\t<\/div>\n\t\t<\/section>\n\t\t\t\t<section class=\"elementor-section elementor-top-section elementor-element elementor-element-478634c elementor-section-boxed elementor-section-height-default elementor-section-height-default\" data-id=\"478634c\" data-element_type=\"section\">\n\t\t\t\t\t\t<div class=\"elementor-container elementor-column-gap-default\">\n\t\t\t\t\t<div class=\"elementor-column elementor-col-100 elementor-top-column elementor-element elementor-element-87a2f27\" data-id=\"87a2f27\" data-element_type=\"column\">\n\t\t\t<div class=\"elementor-widget-wrap elementor-element-populated\">\n\t\t\t\t\t\t\t\t<div class=\"elementor-element elementor-element-a5a06cc elementor-widget elementor-widget-spacer\" data-id=\"a5a06cc\" data-element_type=\"widget\" data-widget_type=\"spacer.default\">\n\t\t\t\t<div class=\"elementor-widget-container\">\n\t\t\t\t\t<div class=\"elementor-spacer\">\n\t\t\t<div class=\"elementor-spacer-inner\"><\/div>\n\t\t<\/div>\n\t\t\t\t<\/div>\n\t\t\t\t<\/div>\n\t\t\t\t\t<\/div>\n\t\t<\/div>\n\t\t\t\t\t\t\t<\/div>\n\t\t<\/section>\n\t\t\t\t<section class=\"elementor-section elementor-top-section elementor-element elementor-element-1134e26 elementor-section-full_width elementor-section-height-default elementor-section-height-default\" data-id=\"1134e26\" data-element_type=\"section\">\n\t\t\t\t\t\t<div class=\"elementor-container elementor-column-gap-default\">\n\t\t\t\t\t<div class=\"elementor-column elementor-col-33 elementor-top-column elementor-element elementor-element-eb2d212\" data-id=\"eb2d212\" data-element_type=\"column\">\n\t\t\t<div class=\"elementor-widget-wrap elementor-element-populated\">\n\t\t\t\t\t\t\t\t<div class=\"elementor-element elementor-element-0bd7307 elementor-widget elementor-widget-image\" data-id=\"0bd7307\" data-element_type=\"widget\" data-widget_type=\"image.default\">\n\t\t\t\t<div class=\"elementor-widget-container\">\n\t\t\t<style>\/*! elementor - v3.6.7 - 03-07-2022 *\/\n.elementor-widget-image{text-align:center}.elementor-widget-image a{display:inline-block}.elementor-widget-image a img[src$=\".svg\"]{width:48px}.elementor-widget-image img{vertical-align:middle;display:inline-block}<\/style>\t\t\t\t\t\t\t\t\t\t\t\t<img loading=\"lazy\" decoding=\"async\" width=\"225\" height=\"225\" src=\"https:\/\/fr.17egsc.weconnect.eu.com\/wp-content\/uploads\/2022\/07\/covid-scouts.jpeg\" class=\"attachment-large size-large\" alt=\"\" srcset=\"https:\/\/fr.17egsc.weconnect.eu.com\/wp-content\/uploads\/2022\/07\/covid-scouts.jpeg 225w, https:\/\/fr.17egsc.weconnect.eu.com\/wp-content\/uploads\/2022\/07\/covid-scouts-150x150.jpeg 150w, https:\/\/fr.17egsc.weconnect.eu.com\/wp-content\/uploads\/2022\/07\/covid-scouts-200x200.jpeg 200w, https:\/\/fr.17egsc.weconnect.eu.com\/wp-content\/uploads\/2022\/07\/covid-scouts-100x100.jpeg 100w\" sizes=\"auto, (max-width: 225px) 100vw, 225px\" \/>\t\t\t\t\t\t\t\t\t\t\t\t\t\t\t<\/div>\n\t\t\t\t<\/div>\n\t\t\t\t\t<\/div>\n\t\t<\/div>\n\t\t\t\t<div class=\"elementor-column elementor-col-66 elementor-top-column elementor-element elementor-element-e366623\" data-id=\"e366623\" data-element_type=\"column\">\n\t\t\t<div class=\"elementor-widget-wrap elementor-element-populated\">\n\t\t\t\t\t\t\t\t<div class=\"elementor-element elementor-element-4787bc5 elementor-widget elementor-widget-text-editor\" data-id=\"4787bc5\" data-element_type=\"widget\" data-widget_type=\"text-editor.default\">\n\t\t\t\t<div class=\"elementor-widget-container\">\n\t\t\t<style>\/*! elementor - v3.6.7 - 03-07-2022 *\/\n.elementor-widget-text-editor.elementor-drop-cap-view-stacked .elementor-drop-cap{background-color:#818a91;color:#fff}.elementor-widget-text-editor.elementor-drop-cap-view-framed .elementor-drop-cap{color:#818a91;border:3px solid;background-color:transparent}.elementor-widget-text-editor:not(.elementor-drop-cap-view-default) .elementor-drop-cap{margin-top:8px}.elementor-widget-text-editor:not(.elementor-drop-cap-view-default) .elementor-drop-cap-letter{width:1em;height:1em}.elementor-widget-text-editor .elementor-drop-cap{float:left;text-align:center;line-height:1;font-size:50px}.elementor-widget-text-editor .elementor-drop-cap-letter{display:inline-block}<\/style>\t\t\t\t<p>Aux Pays-Bas, quelques conseils pour limiter la propagation du coronavirus sont toujours en place. Les vaccinations fonctionnent comme elles le devraient et de nombreuses personnes ont d\u00e9velopp\u00e9 une r\u00e9sistance en raison de leur infection par le coronavirus. Mais le coronavirus n&#8217;a pas disparu. Les gens continueront d&#8217;\u00eatre infect\u00e9s et de tomber malades. Le gouvernement suit donc la situation de pr\u00e8s et prendra les mesures appropri\u00e9es en fonction de l&#8217;\u00e9volution de la situation.<\/p><p>Toutes les mesures contre le coronavirus ont \u00e9t\u00e9 lev\u00e9es. Suivre les conseils ci-dessous peut vous aider, vous et les autres, \u00e0 \u00e9viter d&#8217;\u00eatre infect\u00e9. Et vous aiderez \u00e0 prot\u00e9ger les personnes ayant des probl\u00e8mes de sant\u00e9.<\/p><ul><li>Lavez-vous soigneusement les mains avec de l&#8217;eau et du savon.<\/li><li>Envisagez des salutations alternatives au lieu de serrer la main ou de vous embrasser.<\/li><li>Respectez l\u2019espace personnel de chacun<\/li><li>\u00c9vitez de partager de la nourriture et des boissons<\/li><li>Toussez et \u00e9ternuez dans votre coude<\/li><li>Soyez conscient des sympt\u00f4mes<\/li><li><span style=\"color: #ff0000;\">Si vous pr\u00e9sentez des sympt\u00f4mes de la COVID-19, faites un autotest. Il vous est demand\u00e9 d&#8217;apporter au moins un autotest. Des tests suppl\u00e9mentaires peuvent \u00eatre fournis par les h\u00f4tes.<\/span><\/li><li><span style=\"color: #ff0000;\">Si votre test est positif, l&#8217;exigence des autorit\u00e9s n\u00e9erlandaises est de vous isoler imm\u00e9diatement pendant une p\u00e9riode de 5 jours, \u00e0 l&#8217;issue de laquelle un nouveau test est requis. Veuillez pr\u00e9voir les dispositions n\u00e9cessaires dans votre planification pour une telle \u00e9ventualit\u00e9 malheureuse, car la responsabilit\u00e9 de tout ce qui concerne l&#8217;auto-isolement (espace, risques\/co\u00fbts suppl\u00e9mentaires associ\u00e9s \u00e0 cela et\/ou changements de plans de voyage, etc.) incombe \u00e0 chaque d\u00e9l\u00e9gation.<\/span><\/li><li>Les masques ne sont pas obligatoires mais sont bien entendu accept\u00e9s.<\/li><\/ul>\t\t\t\t\t\t<\/div>\n\t\t\t\t<\/div>\n\t\t\t\t\t<\/div>\n\t\t<\/div>\n\t\t\t\t\t\t\t<\/div>\n\t\t<\/section>\n\t\t\t\t<section class=\"elementor-section elementor-top-section elementor-element elementor-element-e239406 elementor-section-boxed elementor-section-height-default elementor-section-height-default\" data-id=\"e239406\" data-element_type=\"section\">\n\t\t\t\t\t\t<div class=\"elementor-container elementor-column-gap-default\">\n\t\t\t\t\t<div class=\"elementor-column elementor-col-100 elementor-top-column elementor-element elementor-element-4e7d196\" data-id=\"4e7d196\" data-element_type=\"column\">\n\t\t\t<div class=\"elementor-widget-wrap elementor-element-populated\">\n\t\t\t\t\t\t\t\t<div class=\"elementor-element elementor-element-c07398d elementor-widget elementor-widget-spacer\" data-id=\"c07398d\" data-element_type=\"widget\" data-widget_type=\"spacer.default\">\n\t\t\t\t<div class=\"elementor-widget-container\">\n\t\t\t\t\t<div class=\"elementor-spacer\">\n\t\t\t<div class=\"elementor-spacer-inner\"><\/div>\n\t\t<\/div>\n\t\t\t\t<\/div>\n\t\t\t\t<\/div>\n\t\t\t\t\t<\/div>\n\t\t<\/div>\n\t\t\t\t\t\t\t<\/div>\n\t\t<\/section>\n\t\t\t\t<section class=\"elementor-section elementor-top-section elementor-element elementor-element-786dd94 elementor-section-boxed elementor-section-height-default elementor-section-height-default\" data-id=\"786dd94\" data-element_type=\"section\">\n\t\t\t\t\t\t<div class=\"elementor-container elementor-column-gap-default\">\n\t\t\t\t\t<div class=\"elementor-column elementor-col-100 elementor-top-column elementor-element elementor-element-8ff54a9\" data-id=\"8ff54a9\" data-element_type=\"column\">\n\t\t\t<div class=\"elementor-widget-wrap elementor-element-populated\">\n\t\t\t\t\t\t\t\t<div class=\"elementor-element elementor-element-cc3c51c elementor-widget elementor-widget-ova_info_icon\" data-id=\"cc3c51c\" data-element_type=\"widget\" data-widget_type=\"ova_info_icon.default\">\n\t\t\t\t<div class=\"elementor-widget-container\">\n\t\t\t\t\t<div class=\"ova_info_icon vertical_type_2\">\n\t\t\t\t\t\t<div class=\"content\">\n\t\t\t\t\t\t\t\t<h3 class=\"title\">Informations oficielles<\/h3>\n\t\t\t\t\t\t\t\t\t\t\t\t<div class=\"desc\">\n\t\t\t\t\t<p>Le point d'information officiel pour les conseils li\u00e9s au COVID-19 est la <a href=\"https:\/\/www.government.nl\/topics\/coronavirus-covid-19\/tackling-new-coronavirus-in-the-netherlands\/coronavirus-measures-and-advice-in-brief\">page Web d\u00e9di\u00e9e du gouvernement des Pays-Bas<\/a>.<\/p>\t\t\t\t<\/div>\n\t\t\t\t\t\t\t\t\t\t\t\t<div class=\"readmore\">\n\t\t\t\t\t<a href=\"https:\/\/www.government.nl\/topics\/coronavirus-covid-19\/tackling-new-coronavirus-in-the-netherlands\/coronavirus-measures-and-advice-in-brief\" class=\"readmore\">Visiter la page (an anglais uniquement)<\/a>\n\t\t\t\t<\/div>\n\t\t\t\t\n\t\t\t\t\t\t\t<\/div>\n\n\t\t<\/div>\n\t\t\t<\/div>\n\t\t\t\t<\/div>\n\t\t\t\t\t<\/div>\n\t\t<\/div>\n\t\t\t\t\t\t\t<\/div>\n\t\t<\/section>\n\t\t\t\t<section class=\"elementor-section elementor-top-section elementor-element elementor-element-ec838bf elementor-section-boxed elementor-section-height-default elementor-section-height-default\" data-id=\"ec838bf\" data-element_type=\"section\">\n\t\t\t\t\t\t<div class=\"elementor-container elementor-column-gap-default\">\n\t\t\t\t\t<div class=\"elementor-column elementor-col-100 elementor-top-column elementor-element elementor-element-bc5a2fb\" data-id=\"bc5a2fb\" data-element_type=\"column\">\n\t\t\t<div class=\"elementor-widget-wrap elementor-element-populated\">\n\t\t\t\t\t\t\t\t<div class=\"elementor-element elementor-element-da454aa elementor-widget elementor-widget-spacer\" data-id=\"da454aa\" data-element_type=\"widget\" data-widget_type=\"spacer.default\">\n\t\t\t\t<div class=\"elementor-widget-container\">\n\t\t\t\t\t<div class=\"elementor-spacer\">\n\t\t\t<div class=\"elementor-spacer-inner\"><\/div>\n\t\t<\/div>\n\t\t\t\t<\/div>\n\t\t\t\t<\/div>\n\t\t\t\t\t<\/div>\n\t\t<\/div>\n\t\t\t\t\t\t\t<\/div>\n\t\t<\/section>\n\t\t\t\t\t\t\t<\/div>\n\t\t","protected":false},"excerpt":{"rendered":"<p>Conseils li\u00e9s au coronavirus Aux Pays-Bas, quelques conseils pour limiter la propagation du coronavirus sont toujours en place. Les vaccinations fonctionnent comme elles le devraient et de nombreuses personnes ont d\u00e9velopp\u00e9 une r\u00e9sistance en raison de leur infection par le coronavirus. Mais le coronavirus n&#8217;a pas disparu. Les gens continueront d&#8217;\u00eatre infect\u00e9s et de tomber [&hellip;]<\/p>\n","protected":false},"author":1,"featured_media":0,"parent":0,"menu_order":0,"comment_status":"closed","ping_status":"closed","template":"elementor_header_footer","meta":{"om_disable_all_campaigns":false,"_mi_skip_tracking":false,"footnotes":""},"class_list":["post-8809","page","type-page","status-publish","hentry"],"_links":{"self":[{"href":"https:\/\/fr.17egsc.weconnect.eu.com\/index.php\/wp-json\/wp\/v2\/pages\/8809","targetHints":{"allow":["GET"]}}],"collection":[{"href":"https:\/\/fr.17egsc.weconnect.eu.com\/index.php\/wp-json\/wp\/v2\/pages"}],"about":[{"href":"https:\/\/fr.17egsc.weconnect.eu.com\/index.php\/wp-json\/wp\/v2\/types\/page"}],"author":[{"embeddable":true,"href":"https:\/\/fr.17egsc.weconnect.eu.com\/index.php\/wp-json\/wp\/v2\/users\/1"}],"replies":[{"embeddable":true,"href":"https:\/\/fr.17egsc.weconnect.eu.com\/index.php\/wp-json\/wp\/v2\/comments?post=8809"}],"version-history":[{"count":7,"href":"https:\/\/fr.17egsc.weconnect.eu.com\/index.php\/wp-json\/wp\/v2\/pages\/8809\/revisions"}],"predecessor-version":[{"id":8817,"href":"https:\/\/fr.17egsc.weconnect.eu.com\/index.php\/wp-json\/wp\/v2\/pages\/8809\/revisions\/8817"}],"wp:attachment":[{"href":"https:\/\/fr.17egsc.weconnect.eu.com\/index.php\/wp-json\/wp\/v2\/media?parent=8809"}],"curies":[{"name":"wp","href":"https:\/\/api.w.org\/{rel}","templated":true}]}}