{"id":8691,"date":"2022-06-24T14:40:21","date_gmt":"2022-06-24T13:40:21","guid":{"rendered":"https:\/\/fr.17egsc.weconnect.eu.com\/?page_id=8691"},"modified":"2022-07-13T17:53:17","modified_gmt":"2022-07-13T16:53:17","slug":"informations-sur-lhote","status":"publish","type":"page","link":"https:\/\/fr.17egsc.weconnect.eu.com\/index.php\/informations-sur-lhote\/","title":{"rendered":"Informations sur l&#8217;h\u00f4te"},"content":{"rendered":"\t\t<div data-elementor-type=\"wp-page\" data-elementor-id=\"8691\" class=\"elementor elementor-8691\">\n\t\t\t\t\t\t\t\t\t<section class=\"elementor-section elementor-top-section elementor-element elementor-element-7d02cd0 elementor-section-boxed elementor-section-height-default elementor-section-height-default\" data-id=\"7d02cd0\" data-element_type=\"section\">\n\t\t\t\t\t\t<div class=\"elementor-container elementor-column-gap-default\">\n\t\t\t\t\t<div class=\"elementor-column elementor-col-100 elementor-top-column elementor-element elementor-element-9fefa44\" data-id=\"9fefa44\" data-element_type=\"column\">\n\t\t\t<div class=\"elementor-widget-wrap elementor-element-populated\">\n\t\t\t\t\t\t\t\t<div class=\"elementor-element elementor-element-08cb3bd elementor-widget elementor-widget-heading\" data-id=\"08cb3bd\" data-element_type=\"widget\" data-widget_type=\"heading.default\">\n\t\t\t\t<div class=\"elementor-widget-container\">\n\t\t\t<style>\/*! elementor - v3.6.7 - 03-07-2022 *\/\n.elementor-heading-title{padding:0;margin:0;line-height:1}.elementor-widget-heading .elementor-heading-title[class*=elementor-size-]>a{color:inherit;font-size:inherit;line-height:inherit}.elementor-widget-heading .elementor-heading-title.elementor-size-small{font-size:15px}.elementor-widget-heading .elementor-heading-title.elementor-size-medium{font-size:19px}.elementor-widget-heading .elementor-heading-title.elementor-size-large{font-size:29px}.elementor-widget-heading .elementor-heading-title.elementor-size-xl{font-size:39px}.elementor-widget-heading .elementor-heading-title.elementor-size-xxl{font-size:59px}<\/style><h6 class=\"elementor-heading-title elementor-size-default\">Sur cette page, vous trouverez toutes les informations importantes de l'\u00e9quipe d'accueil \u00e0 l'approche de la conf\u00e9rence.\nAvez-vous des questions? Envoyez un e-mail \u00e0 17egsc@weconnect.eu.com.<\/h6>\t\t<\/div>\n\t\t\t\t<\/div>\n\t\t\t\t\t<\/div>\n\t\t<\/div>\n\t\t\t\t\t\t\t<\/div>\n\t\t<\/section>\n\t\t\t\t<section class=\"elementor-section elementor-top-section elementor-element elementor-element-11507e6 elementor-section-boxed elementor-section-height-default elementor-section-height-default\" data-id=\"11507e6\" data-element_type=\"section\">\n\t\t\t\t\t\t<div class=\"elementor-container elementor-column-gap-default\">\n\t\t\t\t\t<div class=\"elementor-column elementor-col-100 elementor-top-column elementor-element elementor-element-a34c453\" data-id=\"a34c453\" data-element_type=\"column\">\n\t\t\t<div class=\"elementor-widget-wrap elementor-element-populated\">\n\t\t\t\t\t\t\t\t<div class=\"elementor-element elementor-element-4134579 elementor-widget elementor-widget-text-editor\" data-id=\"4134579\" data-element_type=\"widget\" data-widget_type=\"text-editor.default\">\n\t\t\t\t<div class=\"elementor-widget-container\">\n\t\t\t<style>\/*! elementor - v3.6.7 - 03-07-2022 *\/\n.elementor-widget-text-editor.elementor-drop-cap-view-stacked .elementor-drop-cap{background-color:#818a91;color:#fff}.elementor-widget-text-editor.elementor-drop-cap-view-framed .elementor-drop-cap{color:#818a91;border:3px solid;background-color:transparent}.elementor-widget-text-editor:not(.elementor-drop-cap-view-default) .elementor-drop-cap{margin-top:8px}.elementor-widget-text-editor:not(.elementor-drop-cap-view-default) .elementor-drop-cap-letter{width:1em;height:1em}.elementor-widget-text-editor .elementor-drop-cap{float:left;text-align:center;line-height:1;font-size:50px}.elementor-widget-text-editor .elementor-drop-cap-letter{display:inline-block}<\/style>\t\t\t\t<p><span style=\"text-decoration: underline;\"><strong>Correction sur publication ant\u00e9rieure<\/strong><\/span><\/p><p><strong>Dans le livret d&#8217;information pour les participants, on peut voir que les participants auront un d\u00eener inclus le 25 juillet, <span style=\"text-decoration: underline;\">ce n&#8217;est pas le cas<\/span>. Les livrets d&#8217;information ci-dessous sont la version mise \u00e0 jour. Vous devez organiser vous-m\u00eame le d\u00eener du 25.<\/strong><\/p>\t\t\t\t\t\t<\/div>\n\t\t\t\t<\/div>\n\t\t\t\t<div class=\"elementor-element elementor-element-f1a4848 elementor-widget elementor-widget-text-editor\" data-id=\"f1a4848\" data-element_type=\"widget\" data-widget_type=\"text-editor.default\">\n\t\t\t\t<div class=\"elementor-widget-container\">\n\t\t\t\t\t\t\t<p>Le <strong>jeudi 23 juin<\/strong>, un e-mail a \u00e9t\u00e9 envoy\u00e9 \u00e0 tous les participants avec des informations importantes sur l&#8217;arriv\u00e9e, le programme social, l&#8217;h\u00e9bergement, le livret d&#8217;information, l&#8217;utilisation de ScoutingApp et la r\u00e9servation de chambres par les d\u00e9l\u00e9gations.<\/p><p><a href=\"https:\/\/scoutingnederland.m18.mailplus.nl\/archief\/mailing-318237575.html\" target=\"_blank\" rel=\"noopener\">L&#8217;e-mail est \u00e9galement disponible en ligne, cliquez ici.<\/a><\/p><p>La brochure d&#8217;information est \u00e9galement disponible ici, <a href=\"https:\/\/en.17egsc.weconnect.eu.com\/wp-content\/uploads\/2019\/05\/Information-EN.pdf\" target=\"_blank\" rel=\"noopener\">cliquez ici pour la version anglaise<\/a> et<a href=\"https:\/\/en.17egsc.weconnect.eu.com\/wp-content\/uploads\/2019\/05\/Information-FR.pdf\" target=\"_blank\" rel=\"noopener\"> ici pour la version fran\u00e7aise.<\/a><\/p><p>En indiquant une pr\u00e9f\u00e9rence pour la Soir\u00e9e de Rotterdam ouverte jusqu&#8217;au 1er juillet 2022, le formulaire se trouve ici : <a href=\"https:\/\/forms.gle\/YXEjMSxuevYsYKdo9\" target=\"_blank\" rel=\"noopener\">cliquez ici.<\/a><\/p><p>Il est toujours possible de demander des chambres \u00e0 De Doelen, tant qu&#8217;aucun service de restauration n&#8217;est requis. Remplissez le formulaire suivant : <a href=\"https:\/\/forms.gle\/eVuZN6mt5jT4pszS7\" target=\"_blank\" rel=\"noopener\">cliquez ici.<\/a><\/p>\t\t\t\t\t\t<\/div>\n\t\t\t\t<\/div>\n\t\t\t\t<div class=\"elementor-element elementor-element-72dff9d elementor-widget elementor-widget-text-editor\" data-id=\"72dff9d\" data-element_type=\"widget\" data-widget_type=\"text-editor.default\">\n\t\t\t\t<div class=\"elementor-widget-container\">\n\t\t\t\t\t\t\t<p><strong>Mise \u00e0 jour, 1 juillet 2022<\/strong><\/p><p>1 : Un rectificatif sur communication pr\u00e9c\u00e9dente a \u00e9t\u00e9 publi\u00e9, il est visible en haut de cette page.<br \/>2 : Si votre d\u00e9l\u00e9gation n&#8217;est pas en mesure de s&#8217;inscrire le 22 juillet, merci de nous le signaler par e-mail : 17egsc@weconnect.eu.com, et nous \u00e9tudierons ensemble la solution.<br \/>3: Contrairement aux messages pr\u00e9c\u00e9dents, il est toujours possible de demander des salles de r\u00e9union \u00e0 De Doelen tant qu&#8217;aucun service de restauration n&#8217;est requis. Remplissez le formulaire ci-dessus.<\/p><p><a href=\"https:\/\/c.spotler.com\/ct\/m18\/k1\/jTFs7YeB-x0DPlnsmxRdAIex-zahTNP_vnWvD4J2giIDSh7PrvX3-OdzRB1NBd65TqKsidgrk2gQ7wkgIWFPQA\/TKWk65gw9BIdIrB\" target=\"_blank\" rel=\"noopener\">Le courrier de rectification peut \u00eatre trouv\u00e9 ici.<\/a><\/p>\t\t\t\t\t\t<\/div>\n\t\t\t\t<\/div>\n\t\t\t\t<div class=\"elementor-element elementor-element-d8fb129 elementor-widget elementor-widget-text-editor\" data-id=\"d8fb129\" data-element_type=\"widget\" data-widget_type=\"text-editor.default\">\n\t\t\t\t<div class=\"elementor-widget-container\">\n\t\t\t\t\t\t\t<p><strong>Mise \u00e0 jour, 13 juillet 2022<\/strong><\/p><p>Un e-mail de rappel a \u00e9t\u00e9 envoy\u00e9 \u00e0 tous les participants inscrits concernant des informations suppl\u00e9mentaires sur les arriv\u00e9es sur Schiphol, la Soir\u00e9e Internationale, la Soir\u00e9e de Rotterdam, le changement de lieu de la soir\u00e9e de cl\u00f4ture, les mesures COVID et l&#8217;App Scouting.<\/p><p><a href=\"https:\/\/c.spotler.com\/ct\/m18\/k1\/vx63EoLoe0WyaMQ8_-w_CNjqspgJtK6uN8tPXaLdVk9k4PfuAsa839-SQ1mR7O_iQ0O6Da6nB9jyrQmOqHS5cg\/PW8nXdXiZyGHjP2\" target=\"_blank\" rel=\"noopener\">L&#8217;e-mail de rappel est disponible ici.<\/a><\/p>\t\t\t\t\t\t<\/div>\n\t\t\t\t<\/div>\n\t\t\t\t\t<\/div>\n\t\t<\/div>\n\t\t\t\t\t\t\t<\/div>\n\t\t<\/section>\n\t\t\t\t\t\t\t<\/div>\n\t\t","protected":false},"excerpt":{"rendered":"<p>Sur cette page, vous trouverez toutes les informations importantes de l&#8217;\u00e9quipe d&#8217;accueil \u00e0 l&#8217;approche de la conf\u00e9rence. Avez-vous des questions? Envoyez un e-mail \u00e0 17egsc@weconnect.eu.com. Correction sur publication ant\u00e9rieure Dans le livret d&#8217;information pour les participants, on peut voir que les participants auront un d\u00eener inclus le 25 juillet, ce n&#8217;est pas le cas. Les [&hellip;]<\/p>\n","protected":false},"author":7,"featured_media":0,"parent":0,"menu_order":0,"comment_status":"closed","ping_status":"closed","template":"","meta":{"om_disable_all_campaigns":false,"_mi_skip_tracking":false,"footnotes":""},"class_list":["post-8691","page","type-page","status-publish","hentry"],"_links":{"self":[{"href":"https:\/\/fr.17egsc.weconnect.eu.com\/index.php\/wp-json\/wp\/v2\/pages\/8691","targetHints":{"allow":["GET"]}}],"collection":[{"href":"https:\/\/fr.17egsc.weconnect.eu.com\/index.php\/wp-json\/wp\/v2\/pages"}],"about":[{"href":"https:\/\/fr.17egsc.weconnect.eu.com\/index.php\/wp-json\/wp\/v2\/types\/page"}],"author":[{"embeddable":true,"href":"https:\/\/fr.17egsc.weconnect.eu.com\/index.php\/wp-json\/wp\/v2\/users\/7"}],"replies":[{"embeddable":true,"href":"https:\/\/fr.17egsc.weconnect.eu.com\/index.php\/wp-json\/wp\/v2\/comments?post=8691"}],"version-history":[{"count":25,"href":"https:\/\/fr.17egsc.weconnect.eu.com\/index.php\/wp-json\/wp\/v2\/pages\/8691\/revisions"}],"predecessor-version":[{"id":8822,"href":"https:\/\/fr.17egsc.weconnect.eu.com\/index.php\/wp-json\/wp\/v2\/pages\/8691\/revisions\/8822"}],"wp:attachment":[{"href":"https:\/\/fr.17egsc.weconnect.eu.com\/index.php\/wp-json\/wp\/v2\/media?parent=8691"}],"curies":[{"name":"wp","href":"https:\/\/api.w.org\/{rel}","templated":true}]}}