{"id":8437,"date":"2022-06-09T09:23:10","date_gmt":"2022-06-09T08:23:10","guid":{"rendered":"https:\/\/fr.17egsc.weconnect.eu.com\/?page_id=8437"},"modified":"2022-06-09T09:24:51","modified_gmt":"2022-06-09T08:24:51","slug":"dates-importantes","status":"publish","type":"page","link":"https:\/\/fr.17egsc.weconnect.eu.com\/index.php\/dates-importantes\/","title":{"rendered":"Dates Importantes"},"content":{"rendered":"\t\t<div data-elementor-type=\"wp-page\" data-elementor-id=\"8437\" class=\"elementor elementor-8437\">\n\t\t\t\t\t\t\t\t\t<section class=\"elementor-section elementor-top-section elementor-element elementor-element-e55fb9e elementor-section-boxed elementor-section-height-default elementor-section-height-default\" data-id=\"e55fb9e\" data-element_type=\"section\">\n\t\t\t\t\t\t<div class=\"elementor-container elementor-column-gap-default\">\n\t\t\t\t\t<div class=\"elementor-column elementor-col-100 elementor-top-column elementor-element elementor-element-bd8d752\" data-id=\"bd8d752\" data-element_type=\"column\">\n\t\t\t<div class=\"elementor-widget-wrap elementor-element-populated\">\n\t\t\t\t\t\t\t\t<div class=\"elementor-element elementor-element-4a01965 elementor-widget-divider--view-line elementor-widget elementor-widget-divider\" data-id=\"4a01965\" data-element_type=\"widget\" data-widget_type=\"divider.default\">\n\t\t\t\t<div class=\"elementor-widget-container\">\n\t\t\t<style>\/*! elementor - v3.6.7 - 03-07-2022 *\/\n.elementor-widget-divider{--divider-border-style:none;--divider-border-width:1px;--divider-color:#2c2c2c;--divider-icon-size:20px;--divider-element-spacing:10px;--divider-pattern-height:24px;--divider-pattern-size:20px;--divider-pattern-url:none;--divider-pattern-repeat:repeat-x}.elementor-widget-divider .elementor-divider{display:-webkit-box;display:-ms-flexbox;display:flex}.elementor-widget-divider .elementor-divider__text{font-size:15px;line-height:1;max-width:95%}.elementor-widget-divider .elementor-divider__element{margin:0 var(--divider-element-spacing);-ms-flex-negative:0;flex-shrink:0}.elementor-widget-divider .elementor-icon{font-size:var(--divider-icon-size)}.elementor-widget-divider .elementor-divider-separator{display:-webkit-box;display:-ms-flexbox;display:flex;margin:0;direction:ltr}.elementor-widget-divider--view-line_icon .elementor-divider-separator,.elementor-widget-divider--view-line_text .elementor-divider-separator{-webkit-box-align:center;-ms-flex-align:center;align-items:center}.elementor-widget-divider--view-line_icon .elementor-divider-separator:after,.elementor-widget-divider--view-line_icon .elementor-divider-separator:before,.elementor-widget-divider--view-line_text .elementor-divider-separator:after,.elementor-widget-divider--view-line_text .elementor-divider-separator:before{display:block;content:\"\";border-bottom:0;-webkit-box-flex:1;-ms-flex-positive:1;flex-grow:1;border-top:var(--divider-border-width) var(--divider-border-style) var(--divider-color)}.elementor-widget-divider--element-align-left .elementor-divider .elementor-divider-separator>.elementor-divider__svg:first-of-type{-webkit-box-flex:0;-ms-flex-positive:0;flex-grow:0;-ms-flex-negative:100;flex-shrink:100}.elementor-widget-divider--element-align-left .elementor-divider-separator:before{content:none}.elementor-widget-divider--element-align-left .elementor-divider__element{margin-left:0}.elementor-widget-divider--element-align-right .elementor-divider .elementor-divider-separator>.elementor-divider__svg:last-of-type{-webkit-box-flex:0;-ms-flex-positive:0;flex-grow:0;-ms-flex-negative:100;flex-shrink:100}.elementor-widget-divider--element-align-right .elementor-divider-separator:after{content:none}.elementor-widget-divider--element-align-right .elementor-divider__element{margin-right:0}.elementor-widget-divider:not(.elementor-widget-divider--view-line_text):not(.elementor-widget-divider--view-line_icon) .elementor-divider-separator{border-top:var(--divider-border-width) var(--divider-border-style) var(--divider-color)}.elementor-widget-divider--separator-type-pattern{--divider-border-style:none}.elementor-widget-divider--separator-type-pattern.elementor-widget-divider--view-line .elementor-divider-separator,.elementor-widget-divider--separator-type-pattern:not(.elementor-widget-divider--view-line) .elementor-divider-separator:after,.elementor-widget-divider--separator-type-pattern:not(.elementor-widget-divider--view-line) .elementor-divider-separator:before,.elementor-widget-divider--separator-type-pattern:not([class*=elementor-widget-divider--view]) .elementor-divider-separator{width:100%;min-height:var(--divider-pattern-height);-webkit-mask-size:var(--divider-pattern-size) 100%;mask-size:var(--divider-pattern-size) 100%;-webkit-mask-repeat:var(--divider-pattern-repeat);mask-repeat:var(--divider-pattern-repeat);background-color:var(--divider-color);-webkit-mask-image:var(--divider-pattern-url);mask-image:var(--divider-pattern-url)}.elementor-widget-divider--no-spacing{--divider-pattern-size:auto}.elementor-widget-divider--bg-round{--divider-pattern-repeat:round}.rtl .elementor-widget-divider .elementor-divider__text{direction:rtl}<\/style>\t\t<div class=\"elementor-divider\">\n\t\t\t<span class=\"elementor-divider-separator\">\n\t\t\t\t\t\t<\/span>\n\t\t<\/div>\n\t\t\t\t<\/div>\n\t\t\t\t<\/div>\n\t\t\t\t<div class=\"elementor-element elementor-element-9a18cb8 elementor-widget elementor-widget-ova_heading\" data-id=\"9a18cb8\" data-element_type=\"widget\" data-widget_type=\"ova_heading.default\">\n\t\t\t\t<div class=\"elementor-widget-container\">\n\t\t\t\t\t<div class=\"ova_heading\">\n\t\t\t\t\t\t\t<h1 class=\"heading_title second_font\">Bienvenue<\/h1>\n\t\t\t\t\t\t\t\t\t\t<h2 class=\"sub_title second_font\">Cette page contient des informations et des documents relatifs \u00e0 la 24\u00e8me Conf\u00e9rence Europ\u00e9enne du Scoutisme.<\/h2>\n\t\t\t\t\t<\/div>\n\t\t\t\t<\/div>\n\t\t\t\t<\/div>\n\t\t\t\t\t<\/div>\n\t\t<\/div>\n\t\t\t\t\t\t\t<\/div>\n\t\t<\/section>\n\t\t\t\t<section class=\"elementor-section elementor-top-section elementor-element elementor-element-349e380 elementor-section-boxed elementor-section-height-default elementor-section-height-default\" data-id=\"349e380\" data-element_type=\"section\">\n\t\t\t\t\t\t<div class=\"elementor-container elementor-column-gap-default\">\n\t\t\t\t\t<div class=\"elementor-column elementor-col-100 elementor-top-column elementor-element elementor-element-80a79f0\" data-id=\"80a79f0\" data-element_type=\"column\">\n\t\t\t<div class=\"elementor-widget-wrap\">\n\t\t\t\t\t\t\t\t\t<\/div>\n\t\t<\/div>\n\t\t\t\t\t\t\t<\/div>\n\t\t<\/section>\n\t\t\t\t<section class=\"elementor-section elementor-top-section elementor-element elementor-element-e178af0 elementor-section-boxed elementor-section-height-default elementor-section-height-default\" data-id=\"e178af0\" data-element_type=\"section\">\n\t\t\t\t\t\t<div class=\"elementor-container elementor-column-gap-default\">\n\t\t\t\t\t<div class=\"elementor-column elementor-col-100 elementor-top-column elementor-element elementor-element-6426358\" data-id=\"6426358\" data-element_type=\"column\">\n\t\t\t<div class=\"elementor-widget-wrap elementor-element-populated\">\n\t\t\t\t\t\t\t\t<div class=\"elementor-element elementor-element-083e39d elementor-widget-divider--view-line elementor-widget elementor-widget-divider\" data-id=\"083e39d\" data-element_type=\"widget\" data-widget_type=\"divider.default\">\n\t\t\t\t<div class=\"elementor-widget-container\">\n\t\t\t\t\t<div class=\"elementor-divider\">\n\t\t\t<span class=\"elementor-divider-separator\">\n\t\t\t\t\t\t<\/span>\n\t\t<\/div>\n\t\t\t\t<\/div>\n\t\t\t\t<\/div>\n\t\t\t\t\t<\/div>\n\t\t<\/div>\n\t\t\t\t\t\t\t<\/div>\n\t\t<\/section>\n\t\t\t\t<section class=\"elementor-section elementor-top-section elementor-element elementor-element-ab7f941 elementor-section-boxed elementor-section-height-default elementor-section-height-default\" data-id=\"ab7f941\" data-element_type=\"section\">\n\t\t\t\t\t\t<div class=\"elementor-container elementor-column-gap-default\">\n\t\t\t\t\t<div class=\"elementor-column elementor-col-100 elementor-top-column elementor-element elementor-element-b9172c6\" data-id=\"b9172c6\" data-element_type=\"column\">\n\t\t\t<div class=\"elementor-widget-wrap elementor-element-populated\">\n\t\t\t\t\t\t\t\t<div class=\"elementor-element elementor-element-e0dced2 elementor-view-default elementor-mobile-position-top elementor-vertical-align-top elementor-widget elementor-widget-icon-box\" data-id=\"e0dced2\" data-element_type=\"widget\" data-widget_type=\"icon-box.default\">\n\t\t\t\t<div class=\"elementor-widget-container\">\n\t\t\t<link rel=\"stylesheet\" href=\"https:\/\/fr.17egsc.weconnect.eu.com\/wp-content\/plugins\/elementor\/assets\/css\/widget-icon-box.min.css\">\t\t<div class=\"elementor-icon-box-wrapper\">\n\t\t\t\t\t\t<div class=\"elementor-icon-box-icon\">\n\t\t\t\t<span class=\"elementor-icon elementor-animation-\" >\n\t\t\t\t<i aria-hidden=\"true\" class=\"fas fa-calendar-alt\"><\/i>\t\t\t\t<\/span>\n\t\t\t<\/div>\n\t\t\t\t\t\t<div class=\"elementor-icon-box-content\">\n\t\t\t\t<h3 class=\"elementor-icon-box-title\">\n\t\t\t\t\t<span  >\n\t\t\t\t\t\tDATES IMPORTANTES \t\t\t\t\t<\/span>\n\t\t\t\t<\/h3>\n\t\t\t\t\t\t\t<\/div>\n\t\t<\/div>\n\t\t\t\t<\/div>\n\t\t\t\t<\/div>\n\t\t\t\t\t<\/div>\n\t\t<\/div>\n\t\t\t\t\t\t\t<\/div>\n\t\t<\/section>\n\t\t\t\t<section class=\"elementor-section elementor-top-section elementor-element elementor-element-c3dd9cd elementor-section-boxed elementor-section-height-default elementor-section-height-default\" data-id=\"c3dd9cd\" data-element_type=\"section\">\n\t\t\t\t\t\t<div class=\"elementor-container elementor-column-gap-default\">\n\t\t\t\t\t<div class=\"elementor-column elementor-col-100 elementor-top-column elementor-element elementor-element-159f456\" data-id=\"159f456\" data-element_type=\"column\">\n\t\t\t<div class=\"elementor-widget-wrap elementor-element-populated\">\n\t\t\t\t\t\t\t\t<div class=\"elementor-element elementor-element-bc3c039 elementor-widget elementor-widget-timeline-widget-addon\" data-id=\"bc3c039\" data-element_type=\"widget\" data-widget_type=\"timeline-widget-addon.default\">\n\t\t\t\t<div class=\"elementor-widget-container\">\n\t\t\t\r\n<div class=\"twae-vertical twae-wrapper twae-centered\">    \r\n    <div class=\"twae-timeline-centered twae-timeline-sm twae-line \"><span class=\"twae-year-container\">\r\n                <span class=\"twae-year-label twae-year\">2022<\/span>\r\n            <\/span><article class=\"twae-timeline-entry twae-right-aligned\">\r\n            <div class=\"twae-timeline-entry-inner\">\r\n                <div class=\"twae-label-extra-label\">\r\n                    <span class=\"twae-label\">22 F\u00e9vrier <\/span>\r\n                    <span class=\"twae-extra-label\"><\/span>\r\n                <\/div>\r\n                <div class=\"twae-icon\"><\/div>\r\n                <div class=\"twae-data-container \">\r\n                    <span class=\"twae-title\">Date limite de r\u00e9ception Projets de r\u00e9solution visant des changements majeurs de politique <\/span>\r\n                    <div class=\"twae-timeline-img\"><\/div>\r\n                    <div class=\"twae-description\"><p>Date limite de r\u00e9ception des projets de r\u00e9solution qui pourraient avoir un impact sur le montant des cotisations r\u00e9gionales annuelles, les statuts r\u00e9gionaux ou tout autre changement majeur de politique.\u00a0<\/p><\/div>\r\n                <\/div>\r\n            <\/div>\r\n        <\/article><article class=\"twae-timeline-entry twae-left-aligned\">\r\n            <div class=\"twae-timeline-entry-inner\">\r\n                <div class=\"twae-label-extra-label\">\r\n                    <span class=\"twae-label\">22 Mars<\/span>\r\n                    <span class=\"twae-extra-label\"><\/span>\r\n                <\/div>\r\n                <div class=\"twae-icon\"><i aria-hidden=\"true\" class=\"fab fa-amazon\"><\/i><\/div>\r\n                <div class=\"twae-data-container \">\r\n                    <span class=\"twae-title\">Nominations des candidats au Comit\u00e9 Europ\u00e9en du Scoutisme <\/span>\r\n                    <div class=\"twae-timeline-img\"><\/div>\r\n                    <div class=\"twae-description\"><p>Date limite pour la r\u00e9ception des nominations des candidats \u00e0 l'\u00e9lection du Comit\u00e9 Europ\u00e9en du Scoutisme.<\/p><\/div>\r\n                <\/div>\r\n            <\/div>\r\n        <\/article><article class=\"twae-timeline-entry twae-right-aligned\">\r\n            <div class=\"twae-timeline-entry-inner\">\r\n                <div class=\"twae-label-extra-label\">\r\n                    <span class=\"twae-label\">22 Mars<\/span>\r\n                    <span class=\"twae-extra-label\"><\/span>\r\n                <\/div>\r\n                <div class=\"twae-icon\"><i aria-hidden=\"true\" class=\"fab fa-amazon\"><\/i><\/div>\r\n                <div class=\"twae-data-container \">\r\n                    <span class=\"twae-title\">Nominations du Comit\u00e9 des r\u00e9solutions et des scrutateurs <\/span>\r\n                    <div class=\"twae-timeline-img\"><\/div>\r\n                    <div class=\"twae-description\"><p>Date limite pour la l'appel des nominations des candidats pour le Comit\u00e9 des r\u00e9solutions pour servir comme scrutateurs.\u00a0<\/p><\/div>\r\n                <\/div>\r\n            <\/div>\r\n        <\/article><article class=\"twae-timeline-entry twae-left-aligned\">\r\n            <div class=\"twae-timeline-entry-inner\">\r\n                <div class=\"twae-label-extra-label\">\r\n                    <span class=\"twae-label\">22 Mars<\/span>\r\n                    <span class=\"twae-extra-label\"><\/span>\r\n                <\/div>\r\n                <div class=\"twae-icon\"><i aria-hidden=\"true\" class=\"fab fa-amazon\"><\/i><\/div>\r\n                <div class=\"twae-data-container \">\r\n                    <span class=\"twae-title\">Publication des projets de r\u00e9solution du CES <\/span>\r\n                    <div class=\"twae-timeline-img\"><\/div>\r\n                    <div class=\"twae-description\"><p>Publication des projets de r\u00e9solution propos\u00e9s par le Comit\u00e9 Europ\u00e9en du Scoutisme.<\/p><\/div>\r\n                <\/div>\r\n            <\/div>\r\n        <\/article><article class=\"twae-timeline-entry twae-right-aligned\">\r\n            <div class=\"twae-timeline-entry-inner\">\r\n                <div class=\"twae-label-extra-label\">\r\n                    <span class=\"twae-label\">22 Avril<\/span>\r\n                    <span class=\"twae-extra-label\"><\/span>\r\n                <\/div>\r\n                <div class=\"twae-icon\"><i aria-hidden=\"true\" class=\"fab fa-amazon\"><\/i><\/div>\r\n                <div class=\"twae-data-container \">\r\n                    <span class=\"twae-title\">Proposition des projets de r\u00e9solution des OM <\/span>\r\n                    <div class=\"twae-timeline-img\"><\/div>\r\n                    <div class=\"twae-description\"><p>Date limite de r\u00e9ception des projets de r\u00e9solution propos\u00e9s par les Organisations Membres.<\/p><\/div>\r\n                <\/div>\r\n            <\/div>\r\n        <\/article><article class=\"twae-timeline-entry twae-left-aligned\">\r\n            <div class=\"twae-timeline-entry-inner\">\r\n                <div class=\"twae-label-extra-label\">\r\n                    <span class=\"twae-label\">22 Avril<\/span>\r\n                    <span class=\"twae-extra-label\"><\/span>\r\n                <\/div>\r\n                <div class=\"twae-icon\"><i aria-hidden=\"true\" class=\"fab fa-amazon\"><\/i><\/div>\r\n                <div class=\"twae-data-container \">\r\n                    <span class=\"twae-title\">Nomination provisoire des membres du Comit\u00e9 des r\u00e9solutions et des scrutateurs<\/span>\r\n                    <div class=\"twae-timeline-img\"><\/div>\r\n                    <div class=\"twae-description\"><\/div>\r\n                <\/div>\r\n            <\/div>\r\n        <\/article><article class=\"twae-timeline-entry twae-right-aligned\">\r\n            <div class=\"twae-timeline-entry-inner\">\r\n                <div class=\"twae-label-extra-label\">\r\n                    <span class=\"twae-label\">22 Avril<\/span>\r\n                    <span class=\"twae-extra-label\"><\/span>\r\n                <\/div>\r\n                <div class=\"twae-icon\"><i aria-hidden=\"true\" class=\"fab fa-amazon\"><\/i><\/div>\r\n                <div class=\"twae-data-container \">\r\n                    <span class=\"twae-title\">Date limite de r\u00e9ception des propositions de points de l&#039;ordre du jour <\/span>\r\n                    <div class=\"twae-timeline-img\"><\/div>\r\n                    <div class=\"twae-description\"><p>Date limite de r\u00e9ception des propositions de points de l'ordre du jour de la part des Organisations Membres<\/p><\/div>\r\n                <\/div>\r\n            <\/div>\r\n        <\/article><article class=\"twae-timeline-entry twae-left-aligned\">\r\n            <div class=\"twae-timeline-entry-inner\">\r\n                <div class=\"twae-label-extra-label\">\r\n                    <span class=\"twae-label\">15 Mai<\/span>\r\n                    <span class=\"twae-extra-label\"><\/span>\r\n                <\/div>\r\n                <div class=\"twae-icon\"><i aria-hidden=\"true\" class=\"fab fa-amazon\"><\/i><\/div>\r\n                <div class=\"twae-data-container \">\r\n                    <span class=\"twae-title\">Cl\u00f4ture des inscriptions <\/span>\r\n                    <div class=\"twae-timeline-img\"><\/div>\r\n                    <div class=\"twae-description\"><p>Date limite pour s'inscrire aux Conf\u00e9rences Europ\u00e9ennes<\/p><\/div>\r\n                <\/div>\r\n            <\/div>\r\n        <\/article><article class=\"twae-timeline-entry twae-right-aligned\">\r\n            <div class=\"twae-timeline-entry-inner\">\r\n                <div class=\"twae-label-extra-label\">\r\n                    <span class=\"twae-label\">22 Mai<\/span>\r\n                    <span class=\"twae-extra-label\"><\/span>\r\n                <\/div>\r\n                <div class=\"twae-icon\"><i aria-hidden=\"true\" class=\"fab fa-amazon\"><\/i><\/div>\r\n                <div class=\"twae-data-container \">\r\n                    <span class=\"twae-title\">Publication des projets de r\u00e9solution <\/span>\r\n                    <div class=\"twae-timeline-img\"><\/div>\r\n                    <div class=\"twae-description\"><p>Date limite pour la publication des projets de r\u00e9solution propos\u00e9s \u00e0 la 24\u00e8me Conf\u00e9rence Europ\u00e9enne du Scoutisme.<\/p><\/div>\r\n                <\/div>\r\n            <\/div>\r\n        <\/article><article class=\"twae-timeline-entry twae-left-aligned\">\r\n            <div class=\"twae-timeline-entry-inner\">\r\n                <div class=\"twae-label-extra-label\">\r\n                    <span class=\"twae-label\">22 Juin<\/span>\r\n                    <span class=\"twae-extra-label\"><\/span>\r\n                <\/div>\r\n                <div class=\"twae-icon\"><i aria-hidden=\"true\" class=\"fab fa-amazon\"><\/i><\/div>\r\n                <div class=\"twae-data-container \">\r\n                    <span class=\"twae-title\">Pr\u00e9sentation des candidats \u00e0 l&#039;\u00e9lection du Comit\u00e9 Europ\u00e9en du Scoutisme <\/span>\r\n                    <div class=\"twae-timeline-img\"><\/div>\r\n                    <div class=\"twae-description\"><\/div>\r\n                <\/div>\r\n            <\/div>\r\n        <\/article><article class=\"twae-timeline-entry twae-right-aligned\">\r\n            <div class=\"twae-timeline-entry-inner\">\r\n                <div class=\"twae-label-extra-label\">\r\n                    <span class=\"twae-label\">Juillet<\/span>\r\n                    <span class=\"twae-extra-label\"><\/span>\r\n                <\/div>\r\n                <div class=\"twae-icon\"><i aria-hidden=\"true\" class=\"fab fa-amazon\"><\/i><\/div>\r\n                <div class=\"twae-data-container \">\r\n                    <span class=\"twae-title\">Publication du projet de l&#039;ordre du jour final <\/span>\r\n                    <div class=\"twae-timeline-img\"><\/div>\r\n                    <div class=\"twae-description\"><\/div>\r\n                <\/div>\r\n            <\/div>\r\n        <\/article><article class=\"twae-timeline-entry twae-left-aligned\">\r\n            <div class=\"twae-timeline-entry-inner\">\r\n                <div class=\"twae-label-extra-label\">\r\n                    <span class=\"twae-label\">22 Juillet<\/span>\r\n                    <span class=\"twae-extra-label\">Soir\u00e9e <\/span>\r\n                <\/div>\r\n                <div class=\"twae-icon\"><i aria-hidden=\"true\" class=\"fab fa-amazon\"><\/i><\/div>\r\n                <div class=\"twae-data-container \">\r\n                    <span class=\"twae-title\">Ouverture officielle <\/span>\r\n                    <div class=\"twae-timeline-img\"><\/div>\r\n                    <div class=\"twae-description\"><p>Ouverture officielle de la 24\u00e8me Conf\u00e9rence Europ\u00e9enne du Scoutisme<\/p><\/div>\r\n                <\/div>\r\n            <\/div>\r\n        <\/article><article class=\"twae-timeline-entry twae-right-aligned\">\r\n            <div class=\"twae-timeline-entry-inner\">\r\n                <div class=\"twae-label-extra-label\">\r\n                    <span class=\"twae-label\">25 Juillet<\/span>\r\n                    <span class=\"twae-extra-label\">09:00 CEST<\/span>\r\n                <\/div>\r\n                <div class=\"twae-icon\"><i aria-hidden=\"true\" class=\"fab fa-amazon\"><\/i><\/div>\r\n                <div class=\"twae-data-container \">\r\n                    <span class=\"twae-title\">D\u00e9p\u00f4t des projets de r\u00e9solution d&#039;urgence <\/span>\r\n                    <div class=\"twae-timeline-img\"><\/div>\r\n                    <div class=\"twae-description\"><p>Date limite de d\u00e9p\u00f4t des projets de r\u00e9solution d'urgence<\/p><\/div>\r\n                <\/div>\r\n            <\/div>\r\n        <\/article><article class=\"twae-timeline-entry twae-left-aligned\">\r\n            <div class=\"twae-timeline-entry-inner\">\r\n                <div class=\"twae-label-extra-label\">\r\n                    <span class=\"twae-label\">25 Juillet<\/span>\r\n                    <span class=\"twae-extra-label\">09:00 CEST<\/span>\r\n                <\/div>\r\n                <div class=\"twae-icon\"><i aria-hidden=\"true\" class=\"fab fa-amazon\"><\/i><\/div>\r\n                <div class=\"twae-data-container \">\r\n                    <span class=\"twae-title\">D\u00e9p\u00f4t des propositions d&#039;amendement aux projets de r\u00e9solution <\/span>\r\n                    <div class=\"twae-timeline-img\"><\/div>\r\n                    <div class=\"twae-description\"><p>Date limite de d\u00e9p\u00f4t des propositions d'amendement aux projets de r\u00e9solution<\/p><\/div>\r\n                <\/div>\r\n            <\/div>\r\n        <\/article><\/div><\/div>\t\t<\/div>\n\t\t\t\t<\/div>\n\t\t\t\t\t<\/div>\n\t\t<\/div>\n\t\t\t\t\t\t\t<\/div>\n\t\t<\/section>\n\t\t\t\t\t\t\t<\/div>\n\t\t","protected":false},"excerpt":{"rendered":"<p>Bienvenue Cette page contient des informations et des documents relatifs \u00e0 la 24\u00e8me Conf\u00e9rence Europ\u00e9enne du Scoutisme. DATES IMPORTANTES 2022 22 F\u00e9vrier Date limite de r\u00e9ception Projets de r\u00e9solution visant des changements majeurs de politique Date limite de r\u00e9ception des projets de r\u00e9solution qui pourraient avoir un impact sur le montant des cotisations r\u00e9gionales annuelles, [&hellip;]<\/p>\n","protected":false},"author":8,"featured_media":0,"parent":0,"menu_order":0,"comment_status":"closed","ping_status":"closed","template":"elementor_header_footer","meta":{"om_disable_all_campaigns":false,"_mi_skip_tracking":false,"footnotes":""},"class_list":["post-8437","page","type-page","status-publish","hentry"],"_links":{"self":[{"href":"https:\/\/fr.17egsc.weconnect.eu.com\/index.php\/wp-json\/wp\/v2\/pages\/8437","targetHints":{"allow":["GET"]}}],"collection":[{"href":"https:\/\/fr.17egsc.weconnect.eu.com\/index.php\/wp-json\/wp\/v2\/pages"}],"about":[{"href":"https:\/\/fr.17egsc.weconnect.eu.com\/index.php\/wp-json\/wp\/v2\/types\/page"}],"author":[{"embeddable":true,"href":"https:\/\/fr.17egsc.weconnect.eu.com\/index.php\/wp-json\/wp\/v2\/users\/8"}],"replies":[{"embeddable":true,"href":"https:\/\/fr.17egsc.weconnect.eu.com\/index.php\/wp-json\/wp\/v2\/comments?post=8437"}],"version-history":[{"count":4,"href":"https:\/\/fr.17egsc.weconnect.eu.com\/index.php\/wp-json\/wp\/v2\/pages\/8437\/revisions"}],"predecessor-version":[{"id":8441,"href":"https:\/\/fr.17egsc.weconnect.eu.com\/index.php\/wp-json\/wp\/v2\/pages\/8437\/revisions\/8441"}],"wp:attachment":[{"href":"https:\/\/fr.17egsc.weconnect.eu.com\/index.php\/wp-json\/wp\/v2\/media?parent=8437"}],"curies":[{"name":"wp","href":"https:\/\/api.w.org\/{rel}","templated":true}]}}