{"id":7919,"date":"2022-03-23T10:48:48","date_gmt":"2022-03-23T09:48:48","guid":{"rendered":"https:\/\/fr.17egsc.weconnect.eu.com\/?page_id=7919"},"modified":"2022-03-23T10:49:35","modified_gmt":"2022-03-23T09:49:35","slug":"conference-de-lamge","status":"publish","type":"page","link":"https:\/\/fr.17egsc.weconnect.eu.com\/index.php\/conference-de-lamge\/","title":{"rendered":"Conf\u00e9rence de l&#8217;AMGE"},"content":{"rendered":"<h1 style=\"text-align: center;\">Bienvenue<\/h1>\n<p style=\"text-align: center;\">Trouvez toutes les informations et les documents dont vous avez besoin pour la 17\u00e8me Conf\u00e9rence r\u00e9gionale de l&#8217;AMGE Europe.<\/p>\n<h3 style=\"text-align: center;\">Dates Importantes<\/h3>\n<article><img loading=\"lazy\" decoding=\"async\" class=\"aligncenter wp-image-7921 size-large\" title=\"\" src=\"https:\/\/fr.17egsc.weconnect.eu.com\/wp-content\/uploads\/2022\/03\/EU-ReCo-timeline-724x1024.png\" alt=\"\" width=\"724\" height=\"1024\" srcset=\"https:\/\/fr.17egsc.weconnect.eu.com\/wp-content\/uploads\/2022\/03\/EU-ReCo-timeline-724x1024.png 724w, https:\/\/fr.17egsc.weconnect.eu.com\/wp-content\/uploads\/2022\/03\/EU-ReCo-timeline-212x300.png 212w, https:\/\/fr.17egsc.weconnect.eu.com\/wp-content\/uploads\/2022\/03\/EU-ReCo-timeline-768x1086.png 768w, https:\/\/fr.17egsc.weconnect.eu.com\/wp-content\/uploads\/2022\/03\/EU-ReCo-timeline-1086x1536.png 1086w, https:\/\/fr.17egsc.weconnect.eu.com\/wp-content\/uploads\/2022\/03\/EU-ReCo-timeline-600x849.png 600w, https:\/\/fr.17egsc.weconnect.eu.com\/wp-content\/uploads\/2022\/03\/EU-ReCo-timeline.png 1414w\" sizes=\"auto, (max-width: 724px) 100vw, 724px\" \/>\n<p>\u00a0<\/p>\n<\/article>\n<article>\n<p style=\"text-align: center;\"><strong>Documents Utiles:<\/strong> <a href=\"_wp_link_placeholder\" data-wplink-edit=\"true\">https:\/\/fr.17egsc.weconnect.eu.com\/index.php\/documents\/<\/a><\/p>\n<\/article>\n<article><\/article>\n\n\n<h2 class=\"has-text-align-center wp-block-heading\">\u00c9quipe de volontaires<\/h2>\n\n\n\n<p class=\"has-text-align-center\">Pr\u00e9sidente de la conf\u00e9rence : Fiona Lejosne<\/p>\n\n\n\n<p class=\"has-text-align-center\">Programme : Charlotte Makanga et Yaghmur Mammadli<\/p>\n\n\n\n<p class=\"has-text-align-center\">Communications : Sue Clough<\/p>\n\n\n\n<p class=\"has-text-align-center\">Logistique : Aina Fontanella (Staff)<\/p>\n\n\n\n<p class=\"has-text-align-center\">Supervision et liaison avec les partenaires : Petra Stipanic (Committee)<\/p>\n\n\n\n<p class=\"has-text-align-center\">Comit\u00e9 des nominations : Barbara Calvi<\/p>\n\n\n\n<p class=\"has-text-align-center\">\u00c9quipe charg\u00e9e de la proc\u00e9dure : Elena Konstantinidi<\/p>\n\n\n\n<article>\n<\/article>","protected":false},"excerpt":{"rendered":"<p>Bienvenue Trouvez toutes les informations et les documents dont vous avez besoin pour la 17\u00e8me Conf\u00e9rence r\u00e9gionale de l&#8217;AMGE Europe. Dates Importantes \u00a0 Documents Utiles: https:\/\/fr.17egsc.weconnect.eu.com\/index.php\/documents\/ \u00c9quipe de volontaires Pr\u00e9sidente de la conf\u00e9rence : Fiona Lejosne Programme : Charlotte Makanga et Yaghmur Mammadli Communications : Sue Clough Logistique : Aina Fontanella (Staff) Supervision et liaison [&hellip;]<\/p>\n","protected":false},"author":10,"featured_media":0,"parent":0,"menu_order":0,"comment_status":"closed","ping_status":"closed","template":"elementor_header_footer","meta":{"om_disable_all_campaigns":false,"_mi_skip_tracking":false,"footnotes":""},"class_list":["post-7919","page","type-page","status-publish","hentry"],"_links":{"self":[{"href":"https:\/\/fr.17egsc.weconnect.eu.com\/index.php\/wp-json\/wp\/v2\/pages\/7919","targetHints":{"allow":["GET"]}}],"collection":[{"href":"https:\/\/fr.17egsc.weconnect.eu.com\/index.php\/wp-json\/wp\/v2\/pages"}],"about":[{"href":"https:\/\/fr.17egsc.weconnect.eu.com\/index.php\/wp-json\/wp\/v2\/types\/page"}],"author":[{"embeddable":true,"href":"https:\/\/fr.17egsc.weconnect.eu.com\/index.php\/wp-json\/wp\/v2\/users\/10"}],"replies":[{"embeddable":true,"href":"https:\/\/fr.17egsc.weconnect.eu.com\/index.php\/wp-json\/wp\/v2\/comments?post=7919"}],"version-history":[{"count":7,"href":"https:\/\/fr.17egsc.weconnect.eu.com\/index.php\/wp-json\/wp\/v2\/pages\/7919\/revisions"}],"predecessor-version":[{"id":7927,"href":"https:\/\/fr.17egsc.weconnect.eu.com\/index.php\/wp-json\/wp\/v2\/pages\/7919\/revisions\/7927"}],"wp:attachment":[{"href":"https:\/\/fr.17egsc.weconnect.eu.com\/index.php\/wp-json\/wp\/v2\/media?parent=7919"}],"curies":[{"name":"wp","href":"https:\/\/api.w.org\/{rel}","templated":true}]}}